{"id":20,"date":"2015-03-10T06:27:37","date_gmt":"2015-03-10T06:27:37","guid":{"rendered":"http:\/\/textilreinigung-frutigen.ch\/cms\/?page_id=20"},"modified":"2021-03-19T12:24:23","modified_gmt":"2021-03-19T12:24:23","slug":"impressum","status":"publish","type":"page","link":"https:\/\/textilreinigung-frutigen.ch\/cms\/impressum\/","title":{"rendered":"Impressum"},"content":{"rendered":"<p><strong>Kontakt<\/strong><br \/>\nFrau Amber Mead<br \/>\nTel. 033 671 48 88<\/p>\n<p>Textilreinigung Frutigen<br \/>\nKanderstegstr. 28 A<br \/>\n3714 Frutigen<\/p>\n<p>Mail:&nbsp;<a href=\"mailto:info@textilreinigung-frutigen.ch\">info@textilreinigung-frutigen.ch<\/a><\/p>\n<p><strong>Haftungsausschluss<\/strong><br \/>\nDer Autor \u00fcbernimmt keinerlei Gew\u00e4hr hinsichtlich der inhaltlichen Richtigkeit, Genauigkeit, Aktualit\u00e4t, Zuverl\u00e4ssigkeit und Vollst\u00e4ndigkeit der Informationen. Haftungsanspr\u00fcche gegen den Autor wegen Sch\u00e4den materieller oder immaterieller Art, welche aus dem Zugriff oder der Nutzung bzw. Nichtnutzung der ver\u00f6ffentlichten Informationen, durch Missbrauch der Verbindung oder durch technische St\u00f6rungen entstanden sind, werden ausgeschlossen. Alle Angebote sind unverbindlich. Der Autor beh\u00e4lt es sich ausdr\u00fccklich vor, Teile der Seiten oder das gesamte Angebot ohne gesonderte Ank\u00fcndigung zu ver\u00e4ndern, zu erg\u00e4nzen, zu l\u00f6schen oder die Ver\u00f6ffentlichung zeitweise oder endg\u00fcltig einzustellen.<\/p>\n<p><strong>Haftung f\u00fcr Links<\/strong><br \/>\nVerweise und Links auf Webseiten Dritter liegen ausserhalb unseres Verantwortungsbereichs Es wird jegliche Verantwortung f\u00fcr solche Webseiten abgelehnt. Der Zugriff und die Nutzung solcher Webseiten erfolgen auf eigene Gefahr des Nutzers oder der Nutzerin.<\/p>\n<p><strong>Kontaktaufnahme<\/strong><br \/>\nBei der Kontaktaufnahme mit dem Anbieter (zum Beispiel per Kontaktformular oder E-Mail) werden die Angaben des Nutzers zwecks Bearbeitung der Anfrage sowie f\u00fcr den Fall, dass Anschlussfragen entstehen, gespeichert.<\/p>\n<p><strong>Urheberrechte<\/strong><br \/>\nDie Urheber- und alle anderen Rechte an Inhalten, Bildern, Fotos oder anderen Dateien auf der Website geh\u00f6ren ausschliesslich Textilreinigung Frutigen oder den speziell genannten Rechtsinhabern. F\u00fcr die Reproduktion jeglicher Elemente ist die schriftliche Zustimmung der Urheberrechtstr\u00e4ger im Voraus einzuholen.<\/p>\n","protected":false},"excerpt":{"rendered":"<p>Kontakt Frau Amber Mead Tel. 033 671 48 88 Textilreinigung Frutigen Kanderstegstr. 28 A 3714 Frutigen Mail:&nbsp;info@textilreinigung-frutigen.ch Haftungsausschluss Der Autor \u00fcbernimmt keinerlei Gew\u00e4hr hinsichtlich der inhaltlichen Richtigkeit, Genauigkeit, Aktualit\u00e4t, Zuverl\u00e4ssigkeit und Vollst\u00e4ndigkeit der Informationen. Haftungsanspr\u00fcche gegen den Autor wegen Sch\u00e4den materieller oder immaterieller Art, welche aus dem Zugriff oder der Nutzung bzw. Nichtnutzung der ver\u00f6ffentlichten [&hellip;]<\/p>\n","protected":false},"author":2,"featured_media":0,"parent":0,"menu_order":0,"comment_status":"open","ping_status":"closed","template":"","meta":{"ngg_post_thumbnail":0,"footnotes":""},"class_list":["post-20","page","type-page","status-publish","hentry","entry"],"yoast_head":"<!-- This site is optimized with the Yoast SEO plugin v27.4 - https:\/\/yoast.com\/product\/yoast-seo-wordpress\/ -->\n<title>Impressum - Textilreinigung Frutigen<\/title>\n<meta name=\"robots\" content=\"index, follow, max-snippet:-1, max-image-preview:large, max-video-preview:-1\" \/>\n<link rel=\"canonical\" href=\"https:\/\/textilreinigung-frutigen.ch\/cms\/impressum\/\" \/>\n<meta property=\"og:locale\" content=\"de_DE\" \/>\n<meta property=\"og:type\" content=\"article\" \/>\n<meta property=\"og:title\" content=\"Impressum - Textilreinigung Frutigen\" \/>\n<meta property=\"og:description\" content=\"Kontakt Frau Amber Mead Tel. 033 671 48 88 Textilreinigung Frutigen Kanderstegstr. 28 A 3714 Frutigen Mail:&nbsp;info@textilreinigung-frutigen.ch Haftungsausschluss Der Autor \u00fcbernimmt keinerlei Gew\u00e4hr hinsichtlich der inhaltlichen Richtigkeit, Genauigkeit, Aktualit\u00e4t, Zuverl\u00e4ssigkeit und Vollst\u00e4ndigkeit der Informationen. Haftungsanspr\u00fcche gegen den Autor wegen Sch\u00e4den materieller oder immaterieller Art, welche aus dem Zugriff oder der Nutzung bzw. Nichtnutzung der ver\u00f6ffentlichten [&hellip;]\" \/>\n<meta property=\"og:url\" content=\"https:\/\/textilreinigung-frutigen.ch\/cms\/impressum\/\" \/>\n<meta property=\"og:site_name\" content=\"Textilreinigung Frutigen\" \/>\n<meta property=\"article:modified_time\" content=\"2021-03-19T12:24:23+00:00\" \/>\n<meta name=\"twitter:card\" content=\"summary_large_image\" \/>\n<meta name=\"twitter:label1\" content=\"Gesch\u00e4tzte Lesezeit\" \/>\n\t<meta name=\"twitter:data1\" content=\"1\u00a0Minute\" \/>\n<script type=\"application\/ld+json\" class=\"yoast-schema-graph\">{\"@context\":\"https:\\\/\\\/schema.org\",\"@graph\":[{\"@type\":\"WebPage\",\"@id\":\"https:\\\/\\\/textilreinigung-frutigen.ch\\\/cms\\\/impressum\\\/\",\"url\":\"https:\\\/\\\/textilreinigung-frutigen.ch\\\/cms\\\/impressum\\\/\",\"name\":\"Impressum - Textilreinigung Frutigen\",\"isPartOf\":{\"@id\":\"https:\\\/\\\/textilreinigung-frutigen.ch\\\/cms\\\/#website\"},\"datePublished\":\"2015-03-10T06:27:37+00:00\",\"dateModified\":\"2021-03-19T12:24:23+00:00\",\"breadcrumb\":{\"@id\":\"https:\\\/\\\/textilreinigung-frutigen.ch\\\/cms\\\/impressum\\\/#breadcrumb\"},\"inLanguage\":\"de\",\"potentialAction\":[{\"@type\":\"ReadAction\",\"target\":[\"https:\\\/\\\/textilreinigung-frutigen.ch\\\/cms\\\/impressum\\\/\"]}]},{\"@type\":\"BreadcrumbList\",\"@id\":\"https:\\\/\\\/textilreinigung-frutigen.ch\\\/cms\\\/impressum\\\/#breadcrumb\",\"itemListElement\":[{\"@type\":\"ListItem\",\"position\":1,\"name\":\"Startseite\",\"item\":\"https:\\\/\\\/textilreinigung-frutigen.ch\\\/cms\\\/\"},{\"@type\":\"ListItem\",\"position\":2,\"name\":\"Impressum\"}]},{\"@type\":\"WebSite\",\"@id\":\"https:\\\/\\\/textilreinigung-frutigen.ch\\\/cms\\\/#website\",\"url\":\"https:\\\/\\\/textilreinigung-frutigen.ch\\\/cms\\\/\",\"name\":\"Textilreinigung Frutigen\",\"description\":\"chemisch oder nass, wir reinigen fast alles!\",\"potentialAction\":[{\"@type\":\"SearchAction\",\"target\":{\"@type\":\"EntryPoint\",\"urlTemplate\":\"https:\\\/\\\/textilreinigung-frutigen.ch\\\/cms\\\/?s={search_term_string}\"},\"query-input\":{\"@type\":\"PropertyValueSpecification\",\"valueRequired\":true,\"valueName\":\"search_term_string\"}}],\"inLanguage\":\"de\"}]}<\/script>\n<!-- \/ Yoast SEO plugin. -->","yoast_head_json":{"title":"Impressum - Textilreinigung Frutigen","robots":{"index":"index","follow":"follow","max-snippet":"max-snippet:-1","max-image-preview":"max-image-preview:large","max-video-preview":"max-video-preview:-1"},"canonical":"https:\/\/textilreinigung-frutigen.ch\/cms\/impressum\/","og_locale":"de_DE","og_type":"article","og_title":"Impressum - Textilreinigung Frutigen","og_description":"Kontakt Frau Amber Mead Tel. 033 671 48 88 Textilreinigung Frutigen Kanderstegstr. 28 A 3714 Frutigen Mail:&nbsp;info@textilreinigung-frutigen.ch Haftungsausschluss Der Autor \u00fcbernimmt keinerlei Gew\u00e4hr hinsichtlich der inhaltlichen Richtigkeit, Genauigkeit, Aktualit\u00e4t, Zuverl\u00e4ssigkeit und Vollst\u00e4ndigkeit der Informationen. Haftungsanspr\u00fcche gegen den Autor wegen Sch\u00e4den materieller oder immaterieller Art, welche aus dem Zugriff oder der Nutzung bzw. Nichtnutzung der ver\u00f6ffentlichten [&hellip;]","og_url":"https:\/\/textilreinigung-frutigen.ch\/cms\/impressum\/","og_site_name":"Textilreinigung Frutigen","article_modified_time":"2021-03-19T12:24:23+00:00","twitter_card":"summary_large_image","twitter_misc":{"Gesch\u00e4tzte Lesezeit":"1\u00a0Minute"},"schema":{"@context":"https:\/\/schema.org","@graph":[{"@type":"WebPage","@id":"https:\/\/textilreinigung-frutigen.ch\/cms\/impressum\/","url":"https:\/\/textilreinigung-frutigen.ch\/cms\/impressum\/","name":"Impressum - Textilreinigung Frutigen","isPartOf":{"@id":"https:\/\/textilreinigung-frutigen.ch\/cms\/#website"},"datePublished":"2015-03-10T06:27:37+00:00","dateModified":"2021-03-19T12:24:23+00:00","breadcrumb":{"@id":"https:\/\/textilreinigung-frutigen.ch\/cms\/impressum\/#breadcrumb"},"inLanguage":"de","potentialAction":[{"@type":"ReadAction","target":["https:\/\/textilreinigung-frutigen.ch\/cms\/impressum\/"]}]},{"@type":"BreadcrumbList","@id":"https:\/\/textilreinigung-frutigen.ch\/cms\/impressum\/#breadcrumb","itemListElement":[{"@type":"ListItem","position":1,"name":"Startseite","item":"https:\/\/textilreinigung-frutigen.ch\/cms\/"},{"@type":"ListItem","position":2,"name":"Impressum"}]},{"@type":"WebSite","@id":"https:\/\/textilreinigung-frutigen.ch\/cms\/#website","url":"https:\/\/textilreinigung-frutigen.ch\/cms\/","name":"Textilreinigung Frutigen","description":"chemisch oder nass, wir reinigen fast alles!","potentialAction":[{"@type":"SearchAction","target":{"@type":"EntryPoint","urlTemplate":"https:\/\/textilreinigung-frutigen.ch\/cms\/?s={search_term_string}"},"query-input":{"@type":"PropertyValueSpecification","valueRequired":true,"valueName":"search_term_string"}}],"inLanguage":"de"}]}},"_links":{"self":[{"href":"https:\/\/textilreinigung-frutigen.ch\/cms\/wp-json\/wp\/v2\/pages\/20","targetHints":{"allow":["GET"]}}],"collection":[{"href":"https:\/\/textilreinigung-frutigen.ch\/cms\/wp-json\/wp\/v2\/pages"}],"about":[{"href":"https:\/\/textilreinigung-frutigen.ch\/cms\/wp-json\/wp\/v2\/types\/page"}],"author":[{"embeddable":true,"href":"https:\/\/textilreinigung-frutigen.ch\/cms\/wp-json\/wp\/v2\/users\/2"}],"replies":[{"embeddable":true,"href":"https:\/\/textilreinigung-frutigen.ch\/cms\/wp-json\/wp\/v2\/comments?post=20"}],"version-history":[{"count":3,"href":"https:\/\/textilreinigung-frutigen.ch\/cms\/wp-json\/wp\/v2\/pages\/20\/revisions"}],"predecessor-version":[{"id":359,"href":"https:\/\/textilreinigung-frutigen.ch\/cms\/wp-json\/wp\/v2\/pages\/20\/revisions\/359"}],"wp:attachment":[{"href":"https:\/\/textilreinigung-frutigen.ch\/cms\/wp-json\/wp\/v2\/media?parent=20"}],"curies":[{"name":"wp","href":"https:\/\/api.w.org\/{rel}","templated":true}]}}