{"id":303,"date":"2015-05-26T13:36:19","date_gmt":"2015-05-26T13:36:19","guid":{"rendered":"http:\/\/textilreinigung-frutigen.ch\/cms\/?page_id=303"},"modified":"2015-06-02T06:44:01","modified_gmt":"2015-06-02T06:44:01","slug":"flickservice","status":"publish","type":"page","link":"https:\/\/textilreinigung-frutigen.ch\/cms\/flickservice\/","title":{"rendered":"Flickservice"},"content":{"rendered":"<p>F\u00fcr alle die ihre Kleidungst\u00fccke nicht selber flicken wollen oder k\u00f6nnen.<br \/>\nEinfach vorbeibringen dann erledige ich das gerne f\u00fcr Sie!<\/p>\n<p><img loading=\"lazy\" decoding=\"async\" class=\"alignleft size-full wp-image-331\" src=\"http:\/\/textilreinigung-frutigen.ch\/cms\/wp-content\/uploads\/2015\/05\/flickservice.jpg\" alt=\"flickservice\" width=\"900\" height=\"325\" srcset=\"https:\/\/textilreinigung-frutigen.ch\/cms\/wp-content\/uploads\/2015\/05\/flickservice.jpg 900w, https:\/\/textilreinigung-frutigen.ch\/cms\/wp-content\/uploads\/2015\/05\/flickservice-300x108.jpg 300w\" sizes=\"auto, (max-width: 900px) 100vw, 900px\" \/><\/p>\n<p>&nbsp;<\/p>\n","protected":false},"excerpt":{"rendered":"<p>F\u00fcr alle die ihre Kleidungst\u00fccke nicht selber flicken wollen oder k\u00f6nnen. Einfach vorbeibringen dann erledige ich das gerne f\u00fcr Sie! &nbsp;<\/p>\n","protected":false},"author":2,"featured_media":0,"parent":0,"menu_order":0,"comment_status":"open","ping_status":"closed","template":"","meta":{"ngg_post_thumbnail":0,"footnotes":""},"class_list":["post-303","page","type-page","status-publish","hentry","entry"],"yoast_head":"<!-- This site is optimized with the Yoast SEO plugin v27.4 - https:\/\/yoast.com\/product\/yoast-seo-wordpress\/ -->\n<title>Flickservice - Textilreinigung Frutigen<\/title>\n<meta name=\"robots\" content=\"index, follow, max-snippet:-1, max-image-preview:large, max-video-preview:-1\" \/>\n<link rel=\"canonical\" href=\"https:\/\/textilreinigung-frutigen.ch\/cms\/flickservice\/\" \/>\n<meta property=\"og:locale\" content=\"de_DE\" \/>\n<meta property=\"og:type\" content=\"article\" \/>\n<meta property=\"og:title\" content=\"Flickservice - Textilreinigung Frutigen\" \/>\n<meta property=\"og:description\" content=\"F\u00fcr alle die ihre Kleidungst\u00fccke nicht selber flicken wollen oder k\u00f6nnen. Einfach vorbeibringen dann erledige ich das gerne f\u00fcr Sie! &nbsp;\" \/>\n<meta property=\"og:url\" content=\"https:\/\/textilreinigung-frutigen.ch\/cms\/flickservice\/\" \/>\n<meta property=\"og:site_name\" content=\"Textilreinigung Frutigen\" \/>\n<meta property=\"article:modified_time\" content=\"2015-06-02T06:44:01+00:00\" \/>\n<meta property=\"og:image\" content=\"http:\/\/textilreinigung-frutigen.ch\/cms\/wp-content\/uploads\/2015\/05\/flickservice.jpg\" \/>\n<meta name=\"twitter:card\" content=\"summary_large_image\" \/>\n<script type=\"application\/ld+json\" class=\"yoast-schema-graph\">{\"@context\":\"https:\\\/\\\/schema.org\",\"@graph\":[{\"@type\":\"WebPage\",\"@id\":\"https:\\\/\\\/textilreinigung-frutigen.ch\\\/cms\\\/flickservice\\\/\",\"url\":\"https:\\\/\\\/textilreinigung-frutigen.ch\\\/cms\\\/flickservice\\\/\",\"name\":\"Flickservice - Textilreinigung Frutigen\",\"isPartOf\":{\"@id\":\"https:\\\/\\\/textilreinigung-frutigen.ch\\\/cms\\\/#website\"},\"primaryImageOfPage\":{\"@id\":\"https:\\\/\\\/textilreinigung-frutigen.ch\\\/cms\\\/flickservice\\\/#primaryimage\"},\"image\":{\"@id\":\"https:\\\/\\\/textilreinigung-frutigen.ch\\\/cms\\\/flickservice\\\/#primaryimage\"},\"thumbnailUrl\":\"http:\\\/\\\/textilreinigung-frutigen.ch\\\/cms\\\/wp-content\\\/uploads\\\/2015\\\/05\\\/flickservice.jpg\",\"datePublished\":\"2015-05-26T13:36:19+00:00\",\"dateModified\":\"2015-06-02T06:44:01+00:00\",\"breadcrumb\":{\"@id\":\"https:\\\/\\\/textilreinigung-frutigen.ch\\\/cms\\\/flickservice\\\/#breadcrumb\"},\"inLanguage\":\"de\",\"potentialAction\":[{\"@type\":\"ReadAction\",\"target\":[\"https:\\\/\\\/textilreinigung-frutigen.ch\\\/cms\\\/flickservice\\\/\"]}]},{\"@type\":\"ImageObject\",\"inLanguage\":\"de\",\"@id\":\"https:\\\/\\\/textilreinigung-frutigen.ch\\\/cms\\\/flickservice\\\/#primaryimage\",\"url\":\"http:\\\/\\\/textilreinigung-frutigen.ch\\\/cms\\\/wp-content\\\/uploads\\\/2015\\\/05\\\/flickservice.jpg\",\"contentUrl\":\"http:\\\/\\\/textilreinigung-frutigen.ch\\\/cms\\\/wp-content\\\/uploads\\\/2015\\\/05\\\/flickservice.jpg\"},{\"@type\":\"BreadcrumbList\",\"@id\":\"https:\\\/\\\/textilreinigung-frutigen.ch\\\/cms\\\/flickservice\\\/#breadcrumb\",\"itemListElement\":[{\"@type\":\"ListItem\",\"position\":1,\"name\":\"Startseite\",\"item\":\"https:\\\/\\\/textilreinigung-frutigen.ch\\\/cms\\\/\"},{\"@type\":\"ListItem\",\"position\":2,\"name\":\"Flickservice\"}]},{\"@type\":\"WebSite\",\"@id\":\"https:\\\/\\\/textilreinigung-frutigen.ch\\\/cms\\\/#website\",\"url\":\"https:\\\/\\\/textilreinigung-frutigen.ch\\\/cms\\\/\",\"name\":\"Textilreinigung Frutigen\",\"description\":\"chemisch oder nass, wir reinigen fast alles!\",\"potentialAction\":[{\"@type\":\"SearchAction\",\"target\":{\"@type\":\"EntryPoint\",\"urlTemplate\":\"https:\\\/\\\/textilreinigung-frutigen.ch\\\/cms\\\/?s={search_term_string}\"},\"query-input\":{\"@type\":\"PropertyValueSpecification\",\"valueRequired\":true,\"valueName\":\"search_term_string\"}}],\"inLanguage\":\"de\"}]}<\/script>\n<!-- \/ Yoast SEO plugin. -->","yoast_head_json":{"title":"Flickservice - Textilreinigung Frutigen","robots":{"index":"index","follow":"follow","max-snippet":"max-snippet:-1","max-image-preview":"max-image-preview:large","max-video-preview":"max-video-preview:-1"},"canonical":"https:\/\/textilreinigung-frutigen.ch\/cms\/flickservice\/","og_locale":"de_DE","og_type":"article","og_title":"Flickservice - Textilreinigung Frutigen","og_description":"F\u00fcr alle die ihre Kleidungst\u00fccke nicht selber flicken wollen oder k\u00f6nnen. Einfach vorbeibringen dann erledige ich das gerne f\u00fcr Sie! &nbsp;","og_url":"https:\/\/textilreinigung-frutigen.ch\/cms\/flickservice\/","og_site_name":"Textilreinigung Frutigen","article_modified_time":"2015-06-02T06:44:01+00:00","og_image":[{"url":"http:\/\/textilreinigung-frutigen.ch\/cms\/wp-content\/uploads\/2015\/05\/flickservice.jpg","type":"","width":"","height":""}],"twitter_card":"summary_large_image","schema":{"@context":"https:\/\/schema.org","@graph":[{"@type":"WebPage","@id":"https:\/\/textilreinigung-frutigen.ch\/cms\/flickservice\/","url":"https:\/\/textilreinigung-frutigen.ch\/cms\/flickservice\/","name":"Flickservice - Textilreinigung Frutigen","isPartOf":{"@id":"https:\/\/textilreinigung-frutigen.ch\/cms\/#website"},"primaryImageOfPage":{"@id":"https:\/\/textilreinigung-frutigen.ch\/cms\/flickservice\/#primaryimage"},"image":{"@id":"https:\/\/textilreinigung-frutigen.ch\/cms\/flickservice\/#primaryimage"},"thumbnailUrl":"http:\/\/textilreinigung-frutigen.ch\/cms\/wp-content\/uploads\/2015\/05\/flickservice.jpg","datePublished":"2015-05-26T13:36:19+00:00","dateModified":"2015-06-02T06:44:01+00:00","breadcrumb":{"@id":"https:\/\/textilreinigung-frutigen.ch\/cms\/flickservice\/#breadcrumb"},"inLanguage":"de","potentialAction":[{"@type":"ReadAction","target":["https:\/\/textilreinigung-frutigen.ch\/cms\/flickservice\/"]}]},{"@type":"ImageObject","inLanguage":"de","@id":"https:\/\/textilreinigung-frutigen.ch\/cms\/flickservice\/#primaryimage","url":"http:\/\/textilreinigung-frutigen.ch\/cms\/wp-content\/uploads\/2015\/05\/flickservice.jpg","contentUrl":"http:\/\/textilreinigung-frutigen.ch\/cms\/wp-content\/uploads\/2015\/05\/flickservice.jpg"},{"@type":"BreadcrumbList","@id":"https:\/\/textilreinigung-frutigen.ch\/cms\/flickservice\/#breadcrumb","itemListElement":[{"@type":"ListItem","position":1,"name":"Startseite","item":"https:\/\/textilreinigung-frutigen.ch\/cms\/"},{"@type":"ListItem","position":2,"name":"Flickservice"}]},{"@type":"WebSite","@id":"https:\/\/textilreinigung-frutigen.ch\/cms\/#website","url":"https:\/\/textilreinigung-frutigen.ch\/cms\/","name":"Textilreinigung Frutigen","description":"chemisch oder nass, wir reinigen fast alles!","potentialAction":[{"@type":"SearchAction","target":{"@type":"EntryPoint","urlTemplate":"https:\/\/textilreinigung-frutigen.ch\/cms\/?s={search_term_string}"},"query-input":{"@type":"PropertyValueSpecification","valueRequired":true,"valueName":"search_term_string"}}],"inLanguage":"de"}]}},"_links":{"self":[{"href":"https:\/\/textilreinigung-frutigen.ch\/cms\/wp-json\/wp\/v2\/pages\/303","targetHints":{"allow":["GET"]}}],"collection":[{"href":"https:\/\/textilreinigung-frutigen.ch\/cms\/wp-json\/wp\/v2\/pages"}],"about":[{"href":"https:\/\/textilreinigung-frutigen.ch\/cms\/wp-json\/wp\/v2\/types\/page"}],"author":[{"embeddable":true,"href":"https:\/\/textilreinigung-frutigen.ch\/cms\/wp-json\/wp\/v2\/users\/2"}],"replies":[{"embeddable":true,"href":"https:\/\/textilreinigung-frutigen.ch\/cms\/wp-json\/wp\/v2\/comments?post=303"}],"version-history":[{"count":4,"href":"https:\/\/textilreinigung-frutigen.ch\/cms\/wp-json\/wp\/v2\/pages\/303\/revisions"}],"predecessor-version":[{"id":332,"href":"https:\/\/textilreinigung-frutigen.ch\/cms\/wp-json\/wp\/v2\/pages\/303\/revisions\/332"}],"wp:attachment":[{"href":"https:\/\/textilreinigung-frutigen.ch\/cms\/wp-json\/wp\/v2\/media?parent=303"}],"curies":[{"name":"wp","href":"https:\/\/api.w.org\/{rel}","templated":true}]}}